{"id":82,"date":"2025-03-11T13:17:42","date_gmt":"2025-03-11T13:17:42","guid":{"rendered":"https:\/\/www.luxkit.es\/?page_id=82"},"modified":"2025-03-12T11:17:23","modified_gmt":"2025-03-12T11:17:23","slug":"nota-legal","status":"publish","type":"page","link":"https:\/\/www.luxkit.es\/index.php\/nota-legal\/","title":{"rendered":"Nota Legal"},"content":{"rendered":"<div data-label=\"About\" data-id=\"about--1\" data-export-id=\"about-1\" data-category=\"about\" class=\"about-1 content-section content-relative\" id=\"about-1\"  style=\"background-color: rgba(255, 255, 255, 0.95); background-image: none;\"><div class=\"section-separator-top\" >\n    <svg xmlns=\"http:\/\/www.w3.org\/2000\/svg\" viewBox=\"0 0 283.5 19.6\" preserveAspectRatio=\"none\" data-separator-name=\"opacity-fan\" class=\"section-separator-top\" >\n\t<path class=\"svg-white-bg\" style=\"opacity: 0.33;\" d=\"M0 0L0 18.8 141.8 4.1 283.5 18.8 283.5 0z\" ><\/path>\n\t<path class=\"svg-white-bg\" style=\"opacity: 0.33;\" d=\"M0 0L0 12.6 141.8 4 283.5 12.6 283.5 0z\" ><\/path>\n\t<path class=\"svg-white-bg\" style=\"opacity: 0.33;\" d=\"M0 0L0 6.4 141.8 4 283.5 6.4 283.5 0z\" ><\/path>\n\t<path class=\"svg-white-bg\" d=\"M0 0L0 1.2 141.8 4 283.5 1.2 283.5 0z\" ><\/path>\n<\/svg>\n<\/div><div class=\"gridContainer\" > <div class=\"row text-center\" ><div class=\"section-title-col\" data-type=\"column\" >  <h2 class=\"\" >COGAPREL, S.L. informa sobre el uso de su web<\/h2> <p class=\"lead\"  style=\"text-align: justify;\">La web de <span style=\"font-weight: 600;\" >COGAPREL, S.L.<\/span> tiene como fin facilitar el conocimiento de los productos de la empresa <span style=\"font-weight: 600;\" >LuxKIT\u00a9<\/span>, las actividades que realiza y los servicios que presta. COGAPREL, S.L. se reserva la facultad de efectuar, en cualquier momento y sin previo aviso, modificaciones de la informaci\u00f3n contenida en su web.<br >\nCOGAPREL, S.L. no se responsabiliza de las consecuencias, da\u00f1os o perjuicios que se deriven del acceso a su web, del uso que se haga de la informaci\u00f3n que contiene o del acceso a otras materias en Internet que se haga a trav\u00e9s de sus enlaces.<br >\nResponsabilidad de los contenidos de la web.<br >\nCOGAPREL, S.L. rechaza la responsabilidad que se derive de la mala utilizaci\u00f3n de los contenidos y se reserva el derecho a actualizarlos cuando quiera, a eliminarlos, limitarlos o impedir el acceso a ellos, de manera temporal o definitiva. COGAPREL, S.L. rechaza la responsabilidad sobre cualquier informaci\u00f3n no contenida en estas p\u00e1ginas web y, por tanto, no elaborada por COGAPREL, S.L. o no publicada con su nombre.<br >\nConfidencialidad de los datos.<br >\nEl presente aviso legal establece las condiciones de uso del sitio Web \u201d<span style=\"font-style: italic; font-weight: 600;\" >www.luxkit.es<\/span>\u201d (en adelante \u201cWeb\u201d), que COGAPREL S.L., con domicilio social en Rua Cerqueiro, n\u00ba 3, Bajo. 36212, Vigo, Pontevedra con Sociedad inscrita en el Registro Mercantil de Pontevedra, L.615, F.120, H.8.477, pone a disposici\u00f3n de las personas usuarias. Conforme a lo previsto en la Ley Org\u00e1nica 15\/1999 de Protecci\u00f3n de Datos de Car\u00e1cter Personal, se informa de que los datos personales suministrados a trav\u00e9s de la web, formar\u00e1n parte de un fichero (automatizado o no) responsabilidad de la empresa, para que puedan ser utilizados con una finalidad comercial, operativa y de actividades propias del objeto social de la empresa. La empresa conservar\u00e1 sus datos, una vez finalizada toda la relaci\u00f3n con la persona usuaria, para cumplir las obligaciones legales y de comunicaci\u00f3n a los organismos p\u00fablicos, que amparados en la Ley correspondiente los soliciten.<br >\nLos datos solicitados son necesarios, en caso de negarse a comunicar los datos ser\u00e1 imposible informarle sobre su solicitud. La empresa proceder\u00e1 a la cancelaci\u00f3n de los datos recogidos cuando dejen de ser necesarios o pertinentes para la finalidad para la que hubiesen sido recabados o registrados. En el caso de que los datos recogidos se utilizasen para una finalidad distinta para la cual hubiesen sido recabados o recogidos se requerir\u00e1 el consentimiento previo de los interesados.<br >\nLa empresa ha adoptado las medidas t\u00e9cnicas y organizativas necesarias para garantizar la seguridad e integridad de los datos, as\u00ed como para evitar su alteraci\u00f3n, perdida, tratamiento o acceso no autorizado Las personas usuarias cuyos datos sean objeto de tratamiento, podr\u00e1n ejercitar gratuitamente los derechos de oposici\u00f3n, acceso e informaci\u00f3n, rectificaci\u00f3n o cancelaci\u00f3n de los mismos, as\u00ed como la revocaci\u00f3n de su autorizaci\u00f3n sin efectos retroactivos en los t\u00e9rminos especificados en la Ley Org\u00e1nica 15\/1999, de Protecci\u00f3n de Datos de Car\u00e1cter Personal, conforme al procedimiento legalmente establecido. Estos derechos podr\u00e1n ser ejercitados dirigiendo un escrito a la siguiente direcci\u00f3n electr\u00f3nica: lopd@cogaprel.com.<br >\nEl acceso al sitio Web atribuye la condici\u00f3n de persona usuaria e implica la aceptaci\u00f3n plena y sin reservas por parte de la persona usuaria, de todas y cada una de las condiciones incluidas en este Aviso legal.<br >\nTodos los derechos de propiedad intelectual del dominio Web, as\u00ed como de sus contenidos, pertenecen, bien a la empresa, bien a terceras personas, por lo que ninguna persona Usuaria est\u00e1 autorizado a hacer uso de ellos, ni imprimirlos ni almacenarlos bajo ning\u00fan soporte f\u00edsico en ning\u00fan caso, salvo que sea para su utilizaci\u00f3n personal y privada. Quedando pues prohibida la modificaci\u00f3n, descompilaci\u00f3n o la utilizaci\u00f3n comercial de cualquier parte de la misma.<br >\nTan s\u00f3lo se autoriza el uso de la utilizaci\u00f3n de los contenidos del dominio Web con fines informativos y de servicio, siempre que se cite o se haga referencia a la fuente, siendo la persona usuaria, la \u00fanica responsable del mal uso de los mismos.<br >\nPara acceder a la informaci\u00f3n contenida en el sitio Web y utilizar los servicios ofrecidos, los menores de edad deben obtener previamente permiso de sus padres, tutores o representantes legales. Los datos, textos, informaciones, gr\u00e1ficos o v\u00ednculos publicados en la Web, son recopilados con efectos meramente informativos para todas aquellas personas interesadas en los mismos sin que, su acceso, genere relaci\u00f3n comercial, contractual o profesional entre las personas usuarias y la empresa. En caso de discrepancia entre la informaci\u00f3n contenida en el sitio Web y la contenida en papel, prevalecer\u00e1 esta \u00faltima. La empresa se reserva el derecho de modificar los contenidos del dominio Web sin previo aviso.<br >\nLos enlaces e hipertexto que, en su caso, posibiliten el acceso a trav\u00e9s del sitio Web a prestaciones y servicios ofrecidos por terceros, no pertenecen ni se encuentran bajo el control de la empresa, por lo que no se hace responsable \u00e9sta ni de la informaci\u00f3n contenida en los mismos ni de cualquiera de los efectos que pudieran derivarse de dicha informaci\u00f3n.<br >\nLas personas usuarias tiene terminantemente prohibido introducir cualquier tipo de virus en el dominio Web, as\u00ed como intentar acceder a los datos del mismo, modificarlos, acceder a las cuentas de correo, mensajes, etc.<br >\nLa empresa no garantiza la calidad, exactitud, fiabilidad, correcci\u00f3n o moralidad de los datos, programas, informaciones u opiniones, cualquiera que sea el origen, que circulen por su red o por las redes a las que la persona usuaria pueda acceder a trav\u00e9s de la Web. El usuario\/a acepta expresamente dejar exenta a la empresa de cualquier responsabilidad relacionada con la Web. La persona usuaria asume bajo su exclusiva responsabilidad las consecuencias, da\u00f1os o acciones que pudieran derivarse del acceso a dichos contenidos as\u00ed como de su reproducci\u00f3n o difusi\u00f3n.<br >\nLa empresa no ser\u00e1 responsable de las infracciones de cualquier persona usuaria que afecten a los derechos de otro Usuario de la Web, o de terceros, incluyendo los derechos de copyright, marcas, patentes, informaci\u00f3n confidencial y cualquier otro derecho de propiedad intelectual o industrial. La empresa har\u00e1 uso de las acciones civiles o penales que por ley corresponda, ante cualquier utilizaci\u00f3n indebida de su dominio Web. Los litigios que pudieran surgir en relaci\u00f3n a este dominio se regir\u00e1n \u00fanicamente por el derecho espa\u00f1ol, someti\u00e9ndose a los Juzgados y Tribunales competentes de la ciudad de VIGO.\n<br >NOTA LEGAL<span id=\"_mce_caret\" data-mce-bogus=\"1\" data-mce-type=\"format-caret\" ><span style=\"color: rgb(0, 0, 0);\" >\ufeff<\/span><\/span><\/p><\/div> <\/div> <div class=\"row\" > <div class=\"button-holder space-bottom space-bottom-small\" data-type=\"column\" > <\/div> <div class=\"col-xs bottom-xs flexbox image-group-bottom-3-img space-bottom-xs center-xs\" > <img decoding=\"async\" class=\"left-img shadow-large-black\" data-size=\"500x300\" src=\"https:\/\/www.luxkit.es\/wp-content\/uploads\/2025\/03\/cropped-cropped-LED_luxKIT_Profil_K20_Abdeckung.png\"  title=\"cropped-cropped-LED_luxKIT_Profil_K20_Abdeckung.png\" alt=\"\"> <img decoding=\"async\" class=\"center-img shadow-large-black\" data-size=\"500x300\" src=\"https:\/\/www.luxkit.es\/wp-content\/uploads\/2025\/03\/cropped-cropped-IMG_9979-scaled-1.jpg\"  title=\"IMG_9979\" alt=\"\"> <img decoding=\"async\" class=\"right-img shadow-large-black\" data-size=\"500x300\" src=\"https:\/\/www.luxkit.es\/wp-content\/uploads\/2025\/03\/cropped-cropped-LED_luxKIT_Profil_P20__Abdeckung.png\"  title=\"cropped-cropped-LED_luxKIT_Profil_P20__Abdeckung.png\" alt=\"\"><\/div> <\/div><\/div> <div class=\"section-separator-bottom\" >\n    <svg xmlns=\"http:\/\/www.w3.org\/2000\/svg\" viewBox=\"0 0 283.5 19.6\" preserveAspectRatio=\"none\" data-separator-name=\"opacity-fan\" class=\"section-separator-top section-separator-bottom\" >\n\t<path class=\"svg-white-bg\" style=\"opacity: 0.33;\" d=\"M0 0L0 18.8 141.8 4.1 283.5 18.8 283.5 0z\" ><\/path>\n\t<path class=\"svg-white-bg\" style=\"opacity: 0.33;\" d=\"M0 0L0 12.6 141.8 4 283.5 12.6 283.5 0z\" ><\/path>\n\t<path class=\"svg-white-bg\" style=\"opacity: 0.33;\" d=\"M0 0L0 6.4 141.8 4 283.5 6.4 283.5 0z\" ><\/path>\n\t<path class=\"svg-white-bg\" d=\"M0 0L0 1.2 141.8 4 283.5 1.2 283.5 0z\" ><\/path>\n<\/svg>\n<\/div><\/div>","protected":false},"excerpt":{"rendered":"<p>COGAPREL, S.L. informa sobre el uso de su web La web de COGAPREL, S.L. tiene como fin facilitar el conocimiento de los productos de la empresa LuxKIT\u00a9, las actividades que realiza y los servicios que presta. COGAPREL, S.L. se reserva la facultad de efectuar, en cualquier momento y sin previo aviso, modificaciones de la informaci\u00f3n&hellip; <br \/> <a class=\"read-more\" href=\"https:\/\/www.luxkit.es\/index.php\/nota-legal\/\">Read more<\/a><\/p>\n","protected":false},"author":1,"featured_media":0,"parent":0,"menu_order":0,"comment_status":"closed","ping_status":"closed","template":"pro\/page-templates\/full-width-page.php","meta":{"footnotes":""},"class_list":["post-82","page","type-page","status-publish","hentry"],"yoast_head":"<!-- This site is optimized with the Yoast SEO plugin v27.3 - https:\/\/yoast.com\/product\/yoast-seo-wordpress\/ -->\n<title>Nota Legal - Luxkit<\/title>\n<meta name=\"robots\" content=\"index, follow, max-snippet:-1, max-image-preview:large, max-video-preview:-1\" \/>\n<link rel=\"canonical\" href=\"https:\/\/www.luxkit.es\/index.php\/nota-legal\/\" \/>\n<meta property=\"og:locale\" content=\"es_ES\" \/>\n<meta property=\"og:type\" content=\"article\" \/>\n<meta property=\"og:title\" content=\"Nota Legal - Luxkit\" \/>\n<meta property=\"og:description\" content=\"COGAPREL, S.L. informa sobre el uso de su web La web de COGAPREL, S.L. tiene como fin facilitar el conocimiento de los productos de la empresa LuxKIT\u00a9, las actividades que realiza y los servicios que presta. COGAPREL, S.L. se reserva la facultad de efectuar, en cualquier momento y sin previo aviso, modificaciones de la informaci\u00f3n&hellip; Read more\" \/>\n<meta property=\"og:url\" content=\"https:\/\/www.luxkit.es\/index.php\/nota-legal\/\" \/>\n<meta property=\"og:site_name\" content=\"Luxkit\" \/>\n<meta property=\"article:publisher\" content=\"https:\/\/www.instagram.com\/cogaprel_sl\/\" \/>\n<meta property=\"article:modified_time\" content=\"2025-03-12T11:17:23+00:00\" \/>\n<meta property=\"og:image\" content=\"https:\/\/www.luxkit.es\/wp-content\/uploads\/2025\/03\/cropped-cropped-LED_luxKIT_Profil_K20_Abdeckung.png\" \/>\n<meta name=\"twitter:card\" content=\"summary_large_image\" \/>\n<meta name=\"twitter:label1\" content=\"Tiempo de lectura\" \/>\n\t<meta name=\"twitter:data1\" content=\"6 minutos\" \/>\n<script type=\"application\/ld+json\" class=\"yoast-schema-graph\">{\"@context\":\"https:\\\/\\\/schema.org\",\"@graph\":[{\"@type\":\"WebPage\",\"@id\":\"https:\\\/\\\/www.luxkit.es\\\/index.php\\\/nota-legal\\\/\",\"url\":\"https:\\\/\\\/www.luxkit.es\\\/index.php\\\/nota-legal\\\/\",\"name\":\"Nota Legal - Luxkit\",\"isPartOf\":{\"@id\":\"https:\\\/\\\/www.luxkit.es\\\/#website\"},\"primaryImageOfPage\":{\"@id\":\"https:\\\/\\\/www.luxkit.es\\\/index.php\\\/nota-legal\\\/#primaryimage\"},\"image\":{\"@id\":\"https:\\\/\\\/www.luxkit.es\\\/index.php\\\/nota-legal\\\/#primaryimage\"},\"thumbnailUrl\":\"https:\\\/\\\/www.luxkit.es\\\/wp-content\\\/uploads\\\/2025\\\/03\\\/cropped-cropped-LED_luxKIT_Profil_K20_Abdeckung.png\",\"datePublished\":\"2025-03-11T13:17:42+00:00\",\"dateModified\":\"2025-03-12T11:17:23+00:00\",\"breadcrumb\":{\"@id\":\"https:\\\/\\\/www.luxkit.es\\\/index.php\\\/nota-legal\\\/#breadcrumb\"},\"inLanguage\":\"es\",\"potentialAction\":[{\"@type\":\"ReadAction\",\"target\":[\"https:\\\/\\\/www.luxkit.es\\\/index.php\\\/nota-legal\\\/\"]}]},{\"@type\":\"ImageObject\",\"inLanguage\":\"es\",\"@id\":\"https:\\\/\\\/www.luxkit.es\\\/index.php\\\/nota-legal\\\/#primaryimage\",\"url\":\"https:\\\/\\\/www.luxkit.es\\\/wp-content\\\/uploads\\\/2025\\\/03\\\/cropped-cropped-LED_luxKIT_Profil_K20_Abdeckung.png\",\"contentUrl\":\"https:\\\/\\\/www.luxkit.es\\\/wp-content\\\/uploads\\\/2025\\\/03\\\/cropped-cropped-LED_luxKIT_Profil_K20_Abdeckung.png\",\"width\":966,\"height\":580},{\"@type\":\"BreadcrumbList\",\"@id\":\"https:\\\/\\\/www.luxkit.es\\\/index.php\\\/nota-legal\\\/#breadcrumb\",\"itemListElement\":[{\"@type\":\"ListItem\",\"position\":1,\"name\":\"Portada\",\"item\":\"https:\\\/\\\/www.luxkit.es\\\/\"},{\"@type\":\"ListItem\",\"position\":2,\"name\":\"Nota Legal\"}]},{\"@type\":\"WebSite\",\"@id\":\"https:\\\/\\\/www.luxkit.es\\\/#website\",\"url\":\"https:\\\/\\\/www.luxkit.es\\\/\",\"name\":\"Luxkit\",\"description\":\"El nuevo sistema lineal modular LED\",\"publisher\":{\"@id\":\"https:\\\/\\\/www.luxkit.es\\\/#organization\"},\"potentialAction\":[{\"@type\":\"SearchAction\",\"target\":{\"@type\":\"EntryPoint\",\"urlTemplate\":\"https:\\\/\\\/www.luxkit.es\\\/?s={search_term_string}\"},\"query-input\":{\"@type\":\"PropertyValueSpecification\",\"valueRequired\":true,\"valueName\":\"search_term_string\"}}],\"inLanguage\":\"es\"},{\"@type\":\"Organization\",\"@id\":\"https:\\\/\\\/www.luxkit.es\\\/#organization\",\"name\":\"Luxkit Espa\u00f1a\",\"url\":\"https:\\\/\\\/www.luxkit.es\\\/\",\"logo\":{\"@type\":\"ImageObject\",\"inLanguage\":\"es\",\"@id\":\"https:\\\/\\\/www.luxkit.es\\\/#\\\/schema\\\/logo\\\/image\\\/\",\"url\":\"https:\\\/\\\/www.luxkit.es\\\/wp-content\\\/uploads\\\/2025\\\/03\\\/luxkit_claro-1.png\",\"contentUrl\":\"https:\\\/\\\/www.luxkit.es\\\/wp-content\\\/uploads\\\/2025\\\/03\\\/luxkit_claro-1.png\",\"width\":140,\"height\":70,\"caption\":\"Luxkit Espa\u00f1a\"},\"image\":{\"@id\":\"https:\\\/\\\/www.luxkit.es\\\/#\\\/schema\\\/logo\\\/image\\\/\"},\"sameAs\":[\"https:\\\/\\\/www.instagram.com\\\/cogaprel_sl\\\/\"]}]}<\/script>\n<!-- \/ Yoast SEO plugin. -->","yoast_head_json":{"title":"Nota Legal - Luxkit","robots":{"index":"index","follow":"follow","max-snippet":"max-snippet:-1","max-image-preview":"max-image-preview:large","max-video-preview":"max-video-preview:-1"},"canonical":"https:\/\/www.luxkit.es\/index.php\/nota-legal\/","og_locale":"es_ES","og_type":"article","og_title":"Nota Legal - Luxkit","og_description":"COGAPREL, S.L. informa sobre el uso de su web La web de COGAPREL, S.L. tiene como fin facilitar el conocimiento de los productos de la empresa LuxKIT\u00a9, las actividades que realiza y los servicios que presta. COGAPREL, S.L. se reserva la facultad de efectuar, en cualquier momento y sin previo aviso, modificaciones de la informaci\u00f3n&hellip; Read more","og_url":"https:\/\/www.luxkit.es\/index.php\/nota-legal\/","og_site_name":"Luxkit","article_publisher":"https:\/\/www.instagram.com\/cogaprel_sl\/","article_modified_time":"2025-03-12T11:17:23+00:00","og_image":[{"url":"https:\/\/www.luxkit.es\/wp-content\/uploads\/2025\/03\/cropped-cropped-LED_luxKIT_Profil_K20_Abdeckung.png","type":"","width":"","height":""}],"twitter_card":"summary_large_image","twitter_misc":{"Tiempo de lectura":"6 minutos"},"schema":{"@context":"https:\/\/schema.org","@graph":[{"@type":"WebPage","@id":"https:\/\/www.luxkit.es\/index.php\/nota-legal\/","url":"https:\/\/www.luxkit.es\/index.php\/nota-legal\/","name":"Nota Legal - Luxkit","isPartOf":{"@id":"https:\/\/www.luxkit.es\/#website"},"primaryImageOfPage":{"@id":"https:\/\/www.luxkit.es\/index.php\/nota-legal\/#primaryimage"},"image":{"@id":"https:\/\/www.luxkit.es\/index.php\/nota-legal\/#primaryimage"},"thumbnailUrl":"https:\/\/www.luxkit.es\/wp-content\/uploads\/2025\/03\/cropped-cropped-LED_luxKIT_Profil_K20_Abdeckung.png","datePublished":"2025-03-11T13:17:42+00:00","dateModified":"2025-03-12T11:17:23+00:00","breadcrumb":{"@id":"https:\/\/www.luxkit.es\/index.php\/nota-legal\/#breadcrumb"},"inLanguage":"es","potentialAction":[{"@type":"ReadAction","target":["https:\/\/www.luxkit.es\/index.php\/nota-legal\/"]}]},{"@type":"ImageObject","inLanguage":"es","@id":"https:\/\/www.luxkit.es\/index.php\/nota-legal\/#primaryimage","url":"https:\/\/www.luxkit.es\/wp-content\/uploads\/2025\/03\/cropped-cropped-LED_luxKIT_Profil_K20_Abdeckung.png","contentUrl":"https:\/\/www.luxkit.es\/wp-content\/uploads\/2025\/03\/cropped-cropped-LED_luxKIT_Profil_K20_Abdeckung.png","width":966,"height":580},{"@type":"BreadcrumbList","@id":"https:\/\/www.luxkit.es\/index.php\/nota-legal\/#breadcrumb","itemListElement":[{"@type":"ListItem","position":1,"name":"Portada","item":"https:\/\/www.luxkit.es\/"},{"@type":"ListItem","position":2,"name":"Nota Legal"}]},{"@type":"WebSite","@id":"https:\/\/www.luxkit.es\/#website","url":"https:\/\/www.luxkit.es\/","name":"Luxkit","description":"El nuevo sistema lineal modular LED","publisher":{"@id":"https:\/\/www.luxkit.es\/#organization"},"potentialAction":[{"@type":"SearchAction","target":{"@type":"EntryPoint","urlTemplate":"https:\/\/www.luxkit.es\/?s={search_term_string}"},"query-input":{"@type":"PropertyValueSpecification","valueRequired":true,"valueName":"search_term_string"}}],"inLanguage":"es"},{"@type":"Organization","@id":"https:\/\/www.luxkit.es\/#organization","name":"Luxkit Espa\u00f1a","url":"https:\/\/www.luxkit.es\/","logo":{"@type":"ImageObject","inLanguage":"es","@id":"https:\/\/www.luxkit.es\/#\/schema\/logo\/image\/","url":"https:\/\/www.luxkit.es\/wp-content\/uploads\/2025\/03\/luxkit_claro-1.png","contentUrl":"https:\/\/www.luxkit.es\/wp-content\/uploads\/2025\/03\/luxkit_claro-1.png","width":140,"height":70,"caption":"Luxkit Espa\u00f1a"},"image":{"@id":"https:\/\/www.luxkit.es\/#\/schema\/logo\/image\/"},"sameAs":["https:\/\/www.instagram.com\/cogaprel_sl\/"]}]}},"_links":{"self":[{"href":"https:\/\/www.luxkit.es\/index.php\/wp-json\/wp\/v2\/pages\/82","targetHints":{"allow":["GET"]}}],"collection":[{"href":"https:\/\/www.luxkit.es\/index.php\/wp-json\/wp\/v2\/pages"}],"about":[{"href":"https:\/\/www.luxkit.es\/index.php\/wp-json\/wp\/v2\/types\/page"}],"author":[{"embeddable":true,"href":"https:\/\/www.luxkit.es\/index.php\/wp-json\/wp\/v2\/users\/1"}],"replies":[{"embeddable":true,"href":"https:\/\/www.luxkit.es\/index.php\/wp-json\/wp\/v2\/comments?post=82"}],"version-history":[{"count":3,"href":"https:\/\/www.luxkit.es\/index.php\/wp-json\/wp\/v2\/pages\/82\/revisions"}],"predecessor-version":[{"id":251,"href":"https:\/\/www.luxkit.es\/index.php\/wp-json\/wp\/v2\/pages\/82\/revisions\/251"}],"wp:attachment":[{"href":"https:\/\/www.luxkit.es\/index.php\/wp-json\/wp\/v2\/media?parent=82"}],"curies":[{"name":"wp","href":"https:\/\/api.w.org\/{rel}","templated":true}]}}