{"id":81,"date":"2025-03-11T13:17:42","date_gmt":"2025-03-11T13:17:42","guid":{"rendered":"https:\/\/www.luxkit.es\/?page_id=81"},"modified":"2025-03-12T11:34:42","modified_gmt":"2025-03-12T11:34:42","slug":"rgpd","status":"publish","type":"page","link":"https:\/\/www.luxkit.es\/index.php\/rgpd\/","title":{"rendered":"RGPD"},"content":{"rendered":"<div data-label=\"About\" data-id=\"about--1\" data-export-id=\"about-1\" data-category=\"about\" class=\"about-1 content-section\" id=\"about-1\"  style=\"background-color: rgba(255, 255, 255, 0.9); background-image: none;\"><div class=\"gridContainer\" > <div class=\"row text-center\" ><div class=\"section-title-col\" data-type=\"column\" >  <h2 class=\"\" ><span style=\"font-weight: 400;\" >POLITICA DE PRIVACIDAD<\/span><\/h2><h5 class=\"\" ><span style=\"font-weight: 600;\" >AVISO LEGAL<\/span><\/h5><p  class=\"lead\" style=\"text-align: justify;\">En cumplimiento con el deber de informaci\u00f3n recogido en <span style=\"font-weight: 600;\" >art\u00edculo 10 de la Ley 34\/2002<\/span>, de 11 de julio, de Servicios de la Sociedad de la Informaci\u00f3n y de Comercio Electr\u00f3nico, a continuaci\u00f3n se reflejan los siguientes datos: La empresa titular de <span style=\"font-weight: 600;\" >www.luxkit.es<\/span> es <span style=\"font-weight: 600;\" >COGAPREL, S.L.<\/span> con domicilio en<span style=\"font-weight: 600;\" > C\/CERQUEIRO n\u00ba3 BAJO. 36212 VIGO. PONTEVEDRA<\/span>, correo electr\u00f3nico:<span style=\"font-weight: 600;\" > luxkit@luxkit.es<\/span>, tel\u00e9fono contacto: <span style=\"font-weight: 600;\" >+34 (986)205025<\/span> , con n\u00famero de C.I.F: <span style=\"font-weight: 600;\" >B36655637<\/span>, inscrita en el <span style=\"font-weight: 600; font-style: italic;\" >Registro Mercantil de Pontevedra L.615, F.12O, H.8.477<\/span>.\n<br ><\/p><p  class=\"lead\"><span style=\"text-decoration: underline;\" ><span style=\"font-weight: 700; font-style: italic;\" >No comerciamos con sus datos\/ Do Not Sell<\/span><\/span><\/p> <p class=\"lead\"  style=\"text-align: justify;\"><span style=\"text-decoration: underline;\" ><span style=\"font-weight: 600;\" ><\/span><\/span>Desde <span style=\"font-weight: 600;\" >COGAPREL, S.L.<\/span> le informamos que <span style=\"font-weight: 400;\" >no comerciamos con sus datos de ninguna forma<\/span>. No vendemos, ni venderemos, los datos de nuestros clientes a terceros. Ni tampoco los cederemos con conocimiento de causa para realizar labor comercial alguna.<br >\n<span style=\"text-decoration: underline;\" ><span style=\"font-weight: 600;\" >INFORMACION ADICIONAL SOBRE LA PROTECCI\u00d3N DE DATOS \u2013 POLITICA DE PRIVACIDAD:<\/span><\/span><br >\n<span style=\"font-weight: 600;\" >1) RESPONSABLE:<\/span> \u00bfQui\u00e9n es el Responsable del tratamiento de sus datos?<br >\nIdentidad: COGAPREL, S.L.\u2013 CIF: B36655637<br >\nDirecci\u00f3n Postal: C\/ CERQUEIRRO N\u00ba3 BAJO. 36212 VIGO. PONTEVEDRA<br >\nTel\u00e9fono: +34 986205025<br >\nCorreo electr\u00f3nico: cogaprel@cogaprel.com<br >\n<span style=\"font-weight: 600;\" >2) FINALIDAD:<\/span> \u00bfCon qu\u00e9 finalidad tratamos sus datos personales?<br >\nEn COGAPREL, S.L. tratamos la informaci\u00f3n que nos facilitan las personas interesadas para las siguientes finalidades:<br >\n\u2013 Presentar presupuestos con informaci\u00f3n sobre nuestros productos y servicios<br >\n\u2013 Prestar el servicio solicitado, realizar la facturaci\u00f3n del mismo.<br >\n\u2013 Enviar publicidad relacionada con nuestros productos y servicios por cualquier medio <span style=\"font-weight: 600;\" >(postal, email o tel\u00e9fono) e invitarle a eventos organizados por la empresa<\/span><br ><span style=\"font-weight: 600;\" >\n3) LIMITACI\u00d3N PLAZO DE CONSERVACION:<\/span> \u00bfPor cu\u00e1nto tiempo conservaremos sus datos?<br >\nLos datos proporcionados se conservar\u00e1n mientras se mantenga la relaci\u00f3n comercial o durante los a\u00f1os necesarios para cumplir con las obligaciones legales.<br >\n<span style=\"font-weight: 600;\" >4) LEGITIMACION:<\/span> \u00bfCu\u00e1l es la legitimaci\u00f3n para el tratamiento de sus datos?<br >\nLa base legal para el tratamiento de los datos es el consentimiento obtenido del interesado, adem\u00e1s de la contrataci\u00f3n de los servicios.<br >\n<span style=\"font-weight: 600;\" >5) DESTINATARIOS:<\/span> \u00bfA qu\u00e9 destinatarios se comunicar\u00e1n sus datos?<br >\nLos datos se comunicar\u00e1n a:<br >\n\u2013 Administraci\u00f3n Tributaria<br >\n\u2013 Bancos y Entidades Financieras<br >\n\u2013 Gestor\u00eda<br >\n\u2013 Entidades de recobro de morosos<br >\n<span style=\"font-weight: 600;\" >6) DERECHOS:<\/span> \u00bfCu\u00e1les son sus derechos cuando nos facilita sus datos?<br >\nCualquier persona tiene derecho a obtener confirmaci\u00f3n sobre si en COGAPREL, S.L. estamos tratando datos personales que les conciernan, o no.<br >\nLas personas interesadas tienen derecho a accedera sus datos personales, as\u00ed como a solicitar la rectificaci\u00f3nde los datos inexactos o, en su caso, solicitar su supresi\u00f3ncuando, entre otros motivos, los datos, ya no sean necesarios para los fines que fueron recogidos.<br >\nEn determinadas circunstancias, los interesados podr\u00e1n solicitar lalimitaci\u00f3n del tratamientode sus datos, en cuyo caso \u00fanicamente los conservaremos para el ejercicio o la defensa de reclamaciones.<br >\nEn determinadas circunstancias y por motivos relacionados con su situaci\u00f3n particular, los interesados podr\u00e1n oponerse al tratamientode sus datos. COGAPREL, S.L. dejar\u00e1 de tratar los datos, salvo por motivos leg\u00edtimos imperiosos, o elejercicio o la defensa de posibles reclamaciones.<br >\nEl interesado tiene derecho a retirar el consentimiento en cualquier momento, sin que ello afecte a la licitud del tratamiento basado en el consentimiento previo a su retirada.<br >\nPara obtener informaci\u00f3n adicional sobre sus derechos visite la p\u00e1gina Web de la Agencia Espa\u00f1ola de Protecci\u00f3n de Datos (https:\/\/www.agpd.es\/)<br >\nPara ejercer su derechos puede escribirnos un correo electr\u00f3nico a <span style=\"font-weight: 600; font-style: italic;\" >luxkit@luxkit.es<\/span> en el que debe identificarse adjuntando copia de su DNI e indicar el derecho que desea ejercer y el motivo.<br >\n<span style=\"font-weight: 600;\" >7) PROCEDENCIA:<\/span> \u00bfC\u00f3mo hemos obtenido sus datos?<br >\n\u2013 Los datos personales que tratamos en COGAPREL, S.L. proceden del propio<br >\n\u2013 Las categor\u00edas de datos que se tratan son:<br >\no Datos de identificaci\u00f3n.<br >\no Direcciones postales o electr\u00f3nicas.<br >\no Datos Econ\u00f3micos.<br >\n\u2013 No se tratan datos especialmente protegidos.<\/p><\/div> <\/div> <div class=\"row\" > <div class=\"button-holder space-bottom space-bottom-small\" data-type=\"column\" > <\/div> <div class=\"col-xs bottom-xs flexbox image-group-bottom-3-img space-bottom-xs center-xs\" > <img decoding=\"async\" class=\"left-img shadow-large-black\" data-size=\"500x300\" src=\"https:\/\/www.luxkit.es\/wp-content\/uploads\/2025\/03\/cropped-cropped-IMG_6398-scaled-1.jpeg\"  title=\"IMG_6398\" alt=\"\"> <img decoding=\"async\" class=\"center-img shadow-large-black\" data-size=\"500x300\" src=\"https:\/\/www.luxkit.es\/wp-content\/uploads\/2025\/03\/cropped-cropped-IMG_9979-scaled-1.jpg\"  title=\"IMG_9979\" alt=\"\"> <img decoding=\"async\" class=\"right-img shadow-large-black\" data-size=\"500x300\" src=\"https:\/\/www.luxkit.es\/wp-content\/uploads\/2025\/03\/cropped-cropped-IMG_3983-scaled-1.jpeg\"  title=\"IMG_3983\" alt=\"\"><\/div> <\/div><\/div> <\/div>","protected":false},"excerpt":{"rendered":"<p>POLITICA DE PRIVACIDADAVISO LEGALEn cumplimiento con el deber de informaci\u00f3n recogido en art\u00edculo 10 de la Ley 34\/2002, de 11 de julio, de Servicios de la Sociedad de la Informaci\u00f3n y de Comercio Electr\u00f3nico, a continuaci\u00f3n se reflejan los siguientes datos: La empresa titular de www.luxkit.es es COGAPREL, S.L. con domicilio en C\/CERQUEIRO n\u00ba3 BAJO.&hellip; <br \/> <a class=\"read-more\" href=\"https:\/\/www.luxkit.es\/index.php\/rgpd\/\">Read more<\/a><\/p>\n","protected":false},"author":1,"featured_media":0,"parent":0,"menu_order":0,"comment_status":"closed","ping_status":"closed","template":"pro\/page-templates\/full-width-page.php","meta":{"footnotes":""},"class_list":["post-81","page","type-page","status-publish","hentry"],"yoast_head":"<!-- This site is optimized with the Yoast SEO plugin v27.3 - https:\/\/yoast.com\/product\/yoast-seo-wordpress\/ -->\n<title>RGPD - Luxkit<\/title>\n<meta name=\"robots\" content=\"index, follow, max-snippet:-1, max-image-preview:large, max-video-preview:-1\" \/>\n<link rel=\"canonical\" href=\"https:\/\/www.luxkit.es\/index.php\/rgpd\/\" \/>\n<meta property=\"og:locale\" content=\"es_ES\" \/>\n<meta property=\"og:type\" content=\"article\" \/>\n<meta property=\"og:title\" content=\"RGPD - Luxkit\" \/>\n<meta property=\"og:description\" content=\"POLITICA DE PRIVACIDADAVISO LEGALEn cumplimiento con el deber de informaci\u00f3n recogido en art\u00edculo 10 de la Ley 34\/2002, de 11 de julio, de Servicios de la Sociedad de la Informaci\u00f3n y de Comercio Electr\u00f3nico, a continuaci\u00f3n se reflejan los siguientes datos: La empresa titular de www.luxkit.es es COGAPREL, S.L. con domicilio en C\/CERQUEIRO n\u00ba3 BAJO.&hellip; Read more\" \/>\n<meta property=\"og:url\" content=\"https:\/\/www.luxkit.es\/index.php\/rgpd\/\" \/>\n<meta property=\"og:site_name\" content=\"Luxkit\" \/>\n<meta property=\"article:publisher\" content=\"https:\/\/www.instagram.com\/cogaprel_sl\/\" \/>\n<meta property=\"article:modified_time\" content=\"2025-03-12T11:34:42+00:00\" \/>\n<meta property=\"og:image\" content=\"https:\/\/www.luxkit.es\/wp-content\/uploads\/2025\/03\/cropped-cropped-IMG_6398-scaled-1.jpeg\" \/>\n<meta name=\"twitter:card\" content=\"summary_large_image\" \/>\n<meta name=\"twitter:label1\" content=\"Tiempo de lectura\" \/>\n\t<meta name=\"twitter:data1\" content=\"3 minutos\" \/>\n<script type=\"application\/ld+json\" class=\"yoast-schema-graph\">{\"@context\":\"https:\\\/\\\/schema.org\",\"@graph\":[{\"@type\":\"WebPage\",\"@id\":\"https:\\\/\\\/www.luxkit.es\\\/index.php\\\/rgpd\\\/\",\"url\":\"https:\\\/\\\/www.luxkit.es\\\/index.php\\\/rgpd\\\/\",\"name\":\"RGPD - Luxkit\",\"isPartOf\":{\"@id\":\"https:\\\/\\\/www.luxkit.es\\\/#website\"},\"primaryImageOfPage\":{\"@id\":\"https:\\\/\\\/www.luxkit.es\\\/index.php\\\/rgpd\\\/#primaryimage\"},\"image\":{\"@id\":\"https:\\\/\\\/www.luxkit.es\\\/index.php\\\/rgpd\\\/#primaryimage\"},\"thumbnailUrl\":\"https:\\\/\\\/www.luxkit.es\\\/wp-content\\\/uploads\\\/2025\\\/03\\\/cropped-cropped-IMG_6398-scaled-1.jpeg\",\"datePublished\":\"2025-03-11T13:17:42+00:00\",\"dateModified\":\"2025-03-12T11:34:42+00:00\",\"breadcrumb\":{\"@id\":\"https:\\\/\\\/www.luxkit.es\\\/index.php\\\/rgpd\\\/#breadcrumb\"},\"inLanguage\":\"es\",\"potentialAction\":[{\"@type\":\"ReadAction\",\"target\":[\"https:\\\/\\\/www.luxkit.es\\\/index.php\\\/rgpd\\\/\"]}]},{\"@type\":\"ImageObject\",\"inLanguage\":\"es\",\"@id\":\"https:\\\/\\\/www.luxkit.es\\\/index.php\\\/rgpd\\\/#primaryimage\",\"url\":\"https:\\\/\\\/www.luxkit.es\\\/wp-content\\\/uploads\\\/2025\\\/03\\\/cropped-cropped-IMG_6398-scaled-1.jpeg\",\"contentUrl\":\"https:\\\/\\\/www.luxkit.es\\\/wp-content\\\/uploads\\\/2025\\\/03\\\/cropped-cropped-IMG_6398-scaled-1.jpeg\",\"width\":1916,\"height\":1151,\"caption\":\"LuxKIT el nuevo sistema lineal modular LED\"},{\"@type\":\"BreadcrumbList\",\"@id\":\"https:\\\/\\\/www.luxkit.es\\\/index.php\\\/rgpd\\\/#breadcrumb\",\"itemListElement\":[{\"@type\":\"ListItem\",\"position\":1,\"name\":\"Portada\",\"item\":\"https:\\\/\\\/www.luxkit.es\\\/\"},{\"@type\":\"ListItem\",\"position\":2,\"name\":\"RGPD\"}]},{\"@type\":\"WebSite\",\"@id\":\"https:\\\/\\\/www.luxkit.es\\\/#website\",\"url\":\"https:\\\/\\\/www.luxkit.es\\\/\",\"name\":\"Luxkit\",\"description\":\"El nuevo sistema lineal modular LED\",\"publisher\":{\"@id\":\"https:\\\/\\\/www.luxkit.es\\\/#organization\"},\"potentialAction\":[{\"@type\":\"SearchAction\",\"target\":{\"@type\":\"EntryPoint\",\"urlTemplate\":\"https:\\\/\\\/www.luxkit.es\\\/?s={search_term_string}\"},\"query-input\":{\"@type\":\"PropertyValueSpecification\",\"valueRequired\":true,\"valueName\":\"search_term_string\"}}],\"inLanguage\":\"es\"},{\"@type\":\"Organization\",\"@id\":\"https:\\\/\\\/www.luxkit.es\\\/#organization\",\"name\":\"Luxkit Espa\u00f1a\",\"url\":\"https:\\\/\\\/www.luxkit.es\\\/\",\"logo\":{\"@type\":\"ImageObject\",\"inLanguage\":\"es\",\"@id\":\"https:\\\/\\\/www.luxkit.es\\\/#\\\/schema\\\/logo\\\/image\\\/\",\"url\":\"https:\\\/\\\/www.luxkit.es\\\/wp-content\\\/uploads\\\/2025\\\/03\\\/luxkit_claro-1.png\",\"contentUrl\":\"https:\\\/\\\/www.luxkit.es\\\/wp-content\\\/uploads\\\/2025\\\/03\\\/luxkit_claro-1.png\",\"width\":140,\"height\":70,\"caption\":\"Luxkit Espa\u00f1a\"},\"image\":{\"@id\":\"https:\\\/\\\/www.luxkit.es\\\/#\\\/schema\\\/logo\\\/image\\\/\"},\"sameAs\":[\"https:\\\/\\\/www.instagram.com\\\/cogaprel_sl\\\/\"]}]}<\/script>\n<!-- \/ Yoast SEO plugin. -->","yoast_head_json":{"title":"RGPD - Luxkit","robots":{"index":"index","follow":"follow","max-snippet":"max-snippet:-1","max-image-preview":"max-image-preview:large","max-video-preview":"max-video-preview:-1"},"canonical":"https:\/\/www.luxkit.es\/index.php\/rgpd\/","og_locale":"es_ES","og_type":"article","og_title":"RGPD - Luxkit","og_description":"POLITICA DE PRIVACIDADAVISO LEGALEn cumplimiento con el deber de informaci\u00f3n recogido en art\u00edculo 10 de la Ley 34\/2002, de 11 de julio, de Servicios de la Sociedad de la Informaci\u00f3n y de Comercio Electr\u00f3nico, a continuaci\u00f3n se reflejan los siguientes datos: La empresa titular de www.luxkit.es es COGAPREL, S.L. con domicilio en C\/CERQUEIRO n\u00ba3 BAJO.&hellip; Read more","og_url":"https:\/\/www.luxkit.es\/index.php\/rgpd\/","og_site_name":"Luxkit","article_publisher":"https:\/\/www.instagram.com\/cogaprel_sl\/","article_modified_time":"2025-03-12T11:34:42+00:00","og_image":[{"url":"https:\/\/www.luxkit.es\/wp-content\/uploads\/2025\/03\/cropped-cropped-IMG_6398-scaled-1.jpeg","type":"","width":"","height":""}],"twitter_card":"summary_large_image","twitter_misc":{"Tiempo de lectura":"3 minutos"},"schema":{"@context":"https:\/\/schema.org","@graph":[{"@type":"WebPage","@id":"https:\/\/www.luxkit.es\/index.php\/rgpd\/","url":"https:\/\/www.luxkit.es\/index.php\/rgpd\/","name":"RGPD - Luxkit","isPartOf":{"@id":"https:\/\/www.luxkit.es\/#website"},"primaryImageOfPage":{"@id":"https:\/\/www.luxkit.es\/index.php\/rgpd\/#primaryimage"},"image":{"@id":"https:\/\/www.luxkit.es\/index.php\/rgpd\/#primaryimage"},"thumbnailUrl":"https:\/\/www.luxkit.es\/wp-content\/uploads\/2025\/03\/cropped-cropped-IMG_6398-scaled-1.jpeg","datePublished":"2025-03-11T13:17:42+00:00","dateModified":"2025-03-12T11:34:42+00:00","breadcrumb":{"@id":"https:\/\/www.luxkit.es\/index.php\/rgpd\/#breadcrumb"},"inLanguage":"es","potentialAction":[{"@type":"ReadAction","target":["https:\/\/www.luxkit.es\/index.php\/rgpd\/"]}]},{"@type":"ImageObject","inLanguage":"es","@id":"https:\/\/www.luxkit.es\/index.php\/rgpd\/#primaryimage","url":"https:\/\/www.luxkit.es\/wp-content\/uploads\/2025\/03\/cropped-cropped-IMG_6398-scaled-1.jpeg","contentUrl":"https:\/\/www.luxkit.es\/wp-content\/uploads\/2025\/03\/cropped-cropped-IMG_6398-scaled-1.jpeg","width":1916,"height":1151,"caption":"LuxKIT el nuevo sistema lineal modular LED"},{"@type":"BreadcrumbList","@id":"https:\/\/www.luxkit.es\/index.php\/rgpd\/#breadcrumb","itemListElement":[{"@type":"ListItem","position":1,"name":"Portada","item":"https:\/\/www.luxkit.es\/"},{"@type":"ListItem","position":2,"name":"RGPD"}]},{"@type":"WebSite","@id":"https:\/\/www.luxkit.es\/#website","url":"https:\/\/www.luxkit.es\/","name":"Luxkit","description":"El nuevo sistema lineal modular LED","publisher":{"@id":"https:\/\/www.luxkit.es\/#organization"},"potentialAction":[{"@type":"SearchAction","target":{"@type":"EntryPoint","urlTemplate":"https:\/\/www.luxkit.es\/?s={search_term_string}"},"query-input":{"@type":"PropertyValueSpecification","valueRequired":true,"valueName":"search_term_string"}}],"inLanguage":"es"},{"@type":"Organization","@id":"https:\/\/www.luxkit.es\/#organization","name":"Luxkit Espa\u00f1a","url":"https:\/\/www.luxkit.es\/","logo":{"@type":"ImageObject","inLanguage":"es","@id":"https:\/\/www.luxkit.es\/#\/schema\/logo\/image\/","url":"https:\/\/www.luxkit.es\/wp-content\/uploads\/2025\/03\/luxkit_claro-1.png","contentUrl":"https:\/\/www.luxkit.es\/wp-content\/uploads\/2025\/03\/luxkit_claro-1.png","width":140,"height":70,"caption":"Luxkit Espa\u00f1a"},"image":{"@id":"https:\/\/www.luxkit.es\/#\/schema\/logo\/image\/"},"sameAs":["https:\/\/www.instagram.com\/cogaprel_sl\/"]}]}},"_links":{"self":[{"href":"https:\/\/www.luxkit.es\/index.php\/wp-json\/wp\/v2\/pages\/81","targetHints":{"allow":["GET"]}}],"collection":[{"href":"https:\/\/www.luxkit.es\/index.php\/wp-json\/wp\/v2\/pages"}],"about":[{"href":"https:\/\/www.luxkit.es\/index.php\/wp-json\/wp\/v2\/types\/page"}],"author":[{"embeddable":true,"href":"https:\/\/www.luxkit.es\/index.php\/wp-json\/wp\/v2\/users\/1"}],"replies":[{"embeddable":true,"href":"https:\/\/www.luxkit.es\/index.php\/wp-json\/wp\/v2\/comments?post=81"}],"version-history":[{"count":2,"href":"https:\/\/www.luxkit.es\/index.php\/wp-json\/wp\/v2\/pages\/81\/revisions"}],"predecessor-version":[{"id":255,"href":"https:\/\/www.luxkit.es\/index.php\/wp-json\/wp\/v2\/pages\/81\/revisions\/255"}],"wp:attachment":[{"href":"https:\/\/www.luxkit.es\/index.php\/wp-json\/wp\/v2\/media?parent=81"}],"curies":[{"name":"wp","href":"https:\/\/api.w.org\/{rel}","templated":true}]}}