{"id":80,"date":"2025-03-11T13:17:42","date_gmt":"2025-03-11T13:17:42","guid":{"rendered":"https:\/\/www.luxkit.es\/?page_id=80"},"modified":"2025-03-12T11:00:38","modified_gmt":"2025-03-12T11:00:38","slug":"empresa","status":"publish","type":"page","link":"https:\/\/www.luxkit.es\/index.php\/empresa\/","title":{"rendered":"Empresa"},"content":{"rendered":"<div data-label=\"About\" data-id=\"about--1\" data-export-id=\"about-6\" data-category=\"about\" class=\"about-6 content-section content-section-spacing\" id=\"about-1\"  style=\"background-color: rgba(255, 255, 255, 0.9); background-image: none;\"><div class=\"gridContainer\" > <div class=\"row middle-sm text-center\" ><div class=\"col-sm-6 space-bottom-xs\" data-type=\"column\" > <h5 class=\"\" ><span style=\"color: rgb(0, 0, 0);\" >COGAPREL, S.L. presetna LuxKIT\u00ae<\/span><\/h5> <h2 class=\"\" ><span style=\"color: rgb(0, 0, 0);\" >Llevamos mas de<\/span><br ><span style=\"color: rgb(0, 0, 0);\" ><span style=\"font-family: &quot;Playfair Display&quot;, arial, helvetica, sans-serif; font-style: italic;\" >40 a\u00f1os<\/span> de servicio<\/span><\/h2> <p class=\"\"  style=\"text-align: justify;\"><span style=\"color: rgb(0, 0, 0);\" >COGAPREL, S.L., nace a principios de los 80 y centra su actividad en la distribuci\u00f3n de automatismos industriales, y de material el\u00e9ctrico, a empresas del sector. Centr\u00e1ndonos en dar un excelente soporte t\u00e9cnico y apoyo en las labores de ingenier\u00eda a sus clientes.\n<br >En nuestra constante b\u00fasqueda de la excelencia siempre buscamos partners con valor anadido. Aqu\u00ed entra Luxkit desarrollando unso productos de tecnolog\u00eda y alto valor a\u00f1adido como los presentados en esta web.<\/span><\/p> <a class=\"button color1\" href=\"https:\/\/cogaprel.es\/shop\/proyectos\"  target=\"_self\" data-cp-link=\"1\" data-icon=\"\">conocemos<\/a><\/div> <div class=\"col-sm-6 image-group-right-3 space-bottom-xs\" ><div class=\"top-media\" > <img decoding=\"async\" class=\"shadow-large\" data-size=\"350x250\" src=\"https:\/\/www.luxkit.es\/wp-content\/uploads\/2025\/03\/cropped-IMG_3983-scaled-2.jpeg\"  title=\"IMG_3983\" alt=\"\"><\/div> <div class=\"bottom-media\" > <img decoding=\"async\" class=\"shadow-large\" data-size=\"350x250\" src=\"https:\/\/www.luxkit.es\/wp-content\/uploads\/2025\/03\/cropped-IMG_5423-scaled-1.jpeg\"  title=\"IMG_5423\" alt=\"\"><\/div> <div class=\"left-media\" > <img decoding=\"async\" class=\"shadow-large\" data-size=\"350x400\" src=\"https:\/\/www.luxkit.es\/wp-content\/uploads\/2025\/03\/cropped-IMG_6398-scaled-2.jpeg\"  title=\"IMG_6398\" alt=\"\"> <div class=\"offset-double-border-overlay\" > <div class=\"border-1 shadow-small\" ><\/div> <div class=\"border-2\" ><\/div><\/div> <\/div><\/div> <\/div><\/div> <\/div><div data-label=\"Content\" data-id=\"content--4\" data-export-id=\"content-14\" data-category=\"content\" data-section-ov=\"1\" class=\"content-14 content-section content-section-spacing lightbox-video inverted white-text\" data-parallax-depth=\"20\" id=\"content-4\"  style=\"background-color: rgb(245, 250, 253); background-image: url(&quot;https:\/\/www.luxkit.es\/wp-content\/uploads\/2025\/03\/IMG_4794-scaled.jpeg&quot;); background-size: cover; background-position: center top;\"><div class=\"gridContainer\" > <div class=\"row center-xs middle-xs\" ><div class=\"col-xs middle-xs center-xs\" > <a data-fancybox=\"\" data-video-lightbox=\"true\" href=\"https:\/\/www.youtube.com\/watch?v=Kbcl8ilsidE&amp;t=4s\" > <i class=\"fa video-icon fa-play-circle-o color-white\" data-cp-fa=\"true\" ><\/i><\/a> <p class=\"h2 space-top\" >Con\u00f3zcanos! solo necesita 2 minutos<\/p><\/div> <\/div><\/div> <\/div><div data-label=\"Content\" data-id=\"content--2\" data-export-id=\"content-19\" data-category=\"content\" class=\"content-19 content-section content-section-spacing white-text\" id=\"content-2\"  style=\"background-image: none; background-color: rgba(38, 45, 63, 0.9);\"><div class=\"gridContainer\" > <div class=\"row\" ><div data-type=\"column\" class=\"col-sm-6 content-col text-center content-section-spacing shadow\" >  <h2 class=\"font-300\" >Servicio &amp; Soporte<\/h2>  <p class=\"\"  style=\"text-align: justify;\">Como apoyo a la labor de ingenier\u00eda y oficina t\u00e9cnica COGAPREL,S.L. imparte adem\u00e1s cursos de formaci\u00f3n sobre los sistemas basados en las marcas que distribuye para mejorar el conocimiento y soporte t\u00e9cnico.<br >\nNos especializamos para dar al cliente el mejor servicio posible. El mundo evoluciona muy r\u00e1pidamente por lo que especializarse es esencial.<br >\nEl paso de los a\u00f1os y la evoluci\u00f3n del sector tecnol\u00f3gico, de los automatismos en particular, ha hecho que COGAPREL, S.L. extiendiera, a principios de los 90, su \u00e1rea de actividad a la automatizaci\u00f3n de viviendas (domotica) y edificios (inmotica), ya que su gran experiencia a nivel industrial le han permitido dar r\u00e1pida respuesta a las nuevas necesidades de los clientes.<\/p> <\/div> <div class=\"col-sm-5 flexbox-strech center-xs middle-xs no-gutter-col\" ><div class=\"flexbox middle-xs center-xs right-img\" data-bg=\"image\"  style=\"background-image: url(&quot;https:\/\/www.luxkit.es\/wp-content\/uploads\/2025\/03\/cropped-IMG_0278-scaled-1.jpeg&quot;);\"><\/div><\/div> <\/div><\/div> <\/div><div data-label=\"Content\" data-id=\"content--5\" data-export-id=\"content-12\" data-category=\"content\" class=\"content-12 content-section content-section-spacing\" id=\"content-5\"  style=\"background-color: rgba(255, 255, 255, 0.9); background-image: none;\"><div class=\"gridContainer\" > <div class=\"row text-center\" ><div class=\"section-title-col\" data-type=\"column\" >  <p class=\"lead\"  style=\"text-align: justify;\"><span style=\"color: rgb(0, 0, 0);\" >Con el nacimiento del \u201cahorro energ\u00e9tico\u201d combinado con la necesidad de ajustarse a los requerimientos de las nuevas pol\u00edticas medioambientales y el aumento de la demanda de confort y seguridad han impulsado el nacimiento del termino \u201cAutomatizaci\u00f3n de Edificios\u201d, o \u201cInm\u00f3tica\u201d, que implica una reducci\u00f3n de costes al utilizar un \u00fanico bus de comunicaciones para toda la instalaci\u00f3n. En el caso que nos ocupa es posible integrar en un entorno estable y bajo un \u00fanico sistema el control de accesos, el control de iluminaci\u00f3n, control de barreras m\u00f3viles, acceso a Internet, supervisi\u00f3n descentralizada de instalaciones, gesti\u00f3n de instalaciones comunes, control de riego autom\u00e1tico, gesti\u00f3n remota de instalaciones, etc. Una de nuestras prioridades ha sido cuidar al m\u00e1ximo la calidad de los productos con los que trabajamos as\u00ed como la atenci\u00f3n al cliente, asesorando t\u00e9cnicamente y ofreciendo informaci\u00f3n clara e inteligible en todo momento, lo que ha permitido crecer paulatinamente a la empresa.<\/span><br ><span style=\"color: rgb(0, 0, 0);\" >\nNuestras oficinas nos proporcionan una cobertura perfecta para toda Galicia. Pese a ser una empresa gallega COGAPREL, S.L. ha sido capaz de completar diferentes proyectos a nivel mundial, pudiendo dar una r\u00e1pida respuesta en cualquier circunstancia.<\/span><\/p><\/div> <\/div> <div class=\"row center-xs middle-xs\" > <div class=\"col-sm-9\" data-type=\"column\" > <img decoding=\"async\" class=\"shadow-large\" src=\"https:\/\/www.luxkit.es\/wp-content\/uploads\/2025\/03\/cropped-IMG_9979-scaled-1.jpg\"  title=\"IMG_9979\" alt=\"\"><\/div> <\/div><\/div> <\/div><div data-label=\"Clients\" data-id=\"clients--1\" data-export-id=\"clients-4\" data-category=\"clients\" class=\"clients-4 content-section content-section-spacing-small\" id=\"clients-1\"  style=\"background-color: rgb(255, 255, 255); background-image: none;\"><div class=\"gridContainer\" > <div class=\"row\" ><div data-type=\"column\" class=\"section-title-col\" >  <p class=\"lead\" >Nuestros clientes nos avalan.<\/p><\/div> <\/div> <div data-type=\"row\" class=\"row spaced-cols middle-xs center-xs space-bottom padding-lr\" > <div class=\"col-xs-6 col-sm-2 col-md-2\" > <img decoding=\"async\" src=\"https:\/\/www.luxkit.es\/wp-content\/uploads\/2025\/03\/logo_disashop.png\" class=\"\"  title=\"logo_disashop\" alt=\"\"><\/div> <div class=\"col-xs-6 col-sm-2 col-md-2\" > <img decoding=\"async\" src=\"https:\/\/www.luxkit.es\/wp-content\/uploads\/2025\/03\/logo_pull_bear.png\" class=\"\"  title=\"logo_pull_bear\" alt=\"\"><\/div> <div class=\"col-xs-6 col-sm-2 col-md-2\" > <img decoding=\"async\" src=\"https:\/\/www.luxkit.es\/wp-content\/uploads\/2025\/03\/logo_placasa.png\" class=\"\"  title=\"logo_placasa\" alt=\"\"><\/div> <div class=\"col-xs-6 col-sm-2 col-md-2\" > <img decoding=\"async\" src=\"https:\/\/www.luxkit.es\/wp-content\/uploads\/2025\/03\/logo_grafoplas.png\" class=\"\"  title=\"logo_grafoplas\" alt=\"\"><\/div> <div class=\"col-xs-6 col-sm-2 col-md-2\" > <img decoding=\"async\" src=\"https:\/\/www.luxkit.es\/wp-content\/uploads\/2025\/03\/logo_fundacion_rubinos.png\" class=\"\"  title=\"logo_fundacion_rubinos\" alt=\"\"><\/div> <div class=\"col-xs-6 col-sm-2 col-md-2\" > <img decoding=\"async\" src=\"https:\/\/www.luxkit.es\/wp-content\/uploads\/2025\/03\/logo_norvento.png\" class=\"\"  title=\"logo_norvento\" alt=\"\"><\/div> <div class=\"col-xs-6 col-sm-2 col-md-2\" > <img decoding=\"async\" src=\"https:\/\/www.luxkit.es\/wp-content\/uploads\/2025\/03\/logo_finsa.gif\" class=\"\"  title=\"logo_finsa\" alt=\"\"><\/div><div class=\"col-xs-6 col-sm-2 col-md-2\" > <img decoding=\"async\" src=\"https:\/\/www.luxkit.es\/wp-content\/uploads\/2025\/03\/logo_inditex.png\" class=\"\"  title=\"logo_inditex\" alt=\"\"><\/div><div class=\"col-xs-6 col-sm-2 col-md-2\" > <img decoding=\"async\" src=\"https:\/\/www.luxkit.es\/wp-content\/uploads\/2025\/03\/logo_coren.png\" class=\"\"  title=\"logo_coren\" alt=\"\"><\/div><div class=\"col-xs-6 col-sm-2 col-md-2\" > <img decoding=\"async\" src=\"https:\/\/www.luxkit.es\/wp-content\/uploads\/2025\/03\/logo_alcoa.png\" class=\"\"  title=\"logo_alcoa\" alt=\"\"><\/div><div class=\"col-xs-6 col-sm-2 col-md-2\" > <img decoding=\"async\" src=\"https:\/\/www.luxkit.es\/wp-content\/uploads\/2025\/03\/logo_audasa.jpeg\" class=\"\"  title=\"logo_audasa\" alt=\"\"><\/div><div class=\"col-xs-6 col-sm-2 col-md-2\" > <img decoding=\"async\" src=\"https:\/\/www.luxkit.es\/wp-content\/uploads\/2025\/03\/logo_celta.png\" class=\"\"  title=\"logo_celta\" alt=\"\"><\/div><div class=\"col-xs-6 col-sm-2 col-md-2\" > <img decoding=\"async\" src=\"https:\/\/www.luxkit.es\/wp-content\/uploads\/2025\/03\/logo_usc.png\" class=\"\"  title=\"logo_usc\" alt=\"\"><\/div><div class=\"col-xs-6 col-sm-2 col-md-2\" > <img decoding=\"async\" src=\"https:\/\/www.luxkit.es\/wp-content\/uploads\/2025\/03\/logo_nestle.png\" class=\"\"  title=\"logo_nestle\" alt=\"\"><\/div><div class=\"col-xs-6 col-sm-2 col-md-2\" > <img decoding=\"async\" src=\"https:\/\/www.luxkit.es\/wp-content\/uploads\/2025\/03\/logo_repsol.jpeg\" class=\"\"  title=\"logo_repsol\" alt=\"\"><\/div><div class=\"col-xs-6 col-sm-2 col-md-2\" > <img decoding=\"async\" src=\"https:\/\/www.luxkit.es\/wp-content\/uploads\/2025\/03\/logo_massimodutti.png\" class=\"\"  title=\"logo_massimodutti\" alt=\"\"><\/div><div class=\"col-xs-6 col-sm-2 col-md-2\" > <img decoding=\"async\" src=\"https:\/\/www.luxkit.es\/wp-content\/uploads\/2025\/03\/logo_zara.png\" class=\"\"  title=\"logo_zara\" alt=\"\"><\/div><div class=\"col-xs-6 col-sm-2 col-md-2\" > <img decoding=\"async\" src=\"https:\/\/www.luxkit.es\/wp-content\/uploads\/2025\/03\/logo_bosch.png\" class=\"\"  title=\"logo_bosch\" alt=\"\"><\/div><div class=\"col-xs-6 col-sm-2 col-md-2\" > <img decoding=\"async\" src=\"https:\/\/www.luxkit.es\/wp-content\/uploads\/2025\/03\/logo_oysho.png\" class=\"\"  title=\"logo_oysho\" alt=\"\"><\/div><div class=\"col-xs-6 col-sm-2 col-md-2\" > <img decoding=\"async\" src=\"https:\/\/www.luxkit.es\/wp-content\/uploads\/2025\/03\/logo_alonarti.png\" class=\"\"  title=\"logo_alonarti\" alt=\"\"><\/div><div class=\"col-xs-6 col-sm-2 col-md-2\" > <img decoding=\"async\" src=\"https:\/\/www.luxkit.es\/wp-content\/uploads\/2025\/03\/logo_stradivarius.png\" class=\"\"  title=\"logo_stradivarius\" alt=\"\"><\/div><div class=\"col-xs-6 col-sm-2 col-md-2\" > <img decoding=\"async\" src=\"https:\/\/www.luxkit.es\/wp-content\/uploads\/2025\/03\/logo_bershka.png\" class=\"\"  title=\"logo_bershka\" alt=\"\"><\/div><div class=\"col-xs-6 col-sm-2 col-md-2\" > <img decoding=\"async\" src=\"https:\/\/www.luxkit.es\/wp-content\/uploads\/2025\/03\/logo_concello_vigo.png\" class=\"\"  title=\"logo_concello_vigo\" alt=\"\"><\/div><div class=\"col-xs-6 col-sm-2 col-md-2\" > <img decoding=\"async\" src=\"https:\/\/www.luxkit.es\/wp-content\/uploads\/2025\/03\/logo_deputacion_pontevedra.png\" class=\"\"  title=\"logo_deputacion_pontevedra\" alt=\"\"><\/div><div class=\"col-xs-6 col-sm-2 col-md-2\" > <img decoding=\"async\" src=\"https:\/\/www.luxkit.es\/wp-content\/uploads\/2025\/03\/logo_dom_iberia.png\" class=\"\"  title=\"logo_dom_iberia\" alt=\"\"><\/div><div class=\"col-xs-6 col-sm-2 col-md-2\" > <img decoding=\"async\" src=\"https:\/\/www.luxkit.es\/wp-content\/uploads\/2025\/03\/logo_intasa.png\" class=\"\"  title=\"logo_intasa\" alt=\"\"><\/div><div class=\"col-xs-6 col-sm-2 col-md-2\" > <img decoding=\"async\" src=\"https:\/\/www.luxkit.es\/wp-content\/uploads\/2025\/03\/cropped-logo_megasa.png\" class=\"\"  title=\"cropped-logo_megasa\" alt=\"\"><\/div><div class=\"col-xs-6 col-sm-2 col-md-2\" > <img decoding=\"async\" src=\"https:\/\/www.luxkit.es\/wp-content\/uploads\/2025\/03\/cropped-logo_yanez.jpeg\" class=\"\"  title=\"cropped-logo_yanez\" alt=\"\"><\/div><div class=\"col-xs-6 col-sm-2 col-md-2\" > <img decoding=\"async\" src=\"https:\/\/www.luxkit.es\/wp-content\/uploads\/2025\/03\/logo_pescanova.png\" class=\"\"  title=\"logo_pescanova\" alt=\"\"><\/div><div class=\"col-xs-6 col-sm-2 col-md-2\" > <img decoding=\"async\" src=\"https:\/\/www.luxkit.es\/wp-content\/uploads\/2025\/03\/logo_ferrovial.png\" class=\"\"  title=\"logo_ferrovial\" alt=\"\"><\/div><\/div><\/div> <\/div>","protected":false},"excerpt":{"rendered":"<p>COGAPREL, S.L. presetna LuxKIT\u00ae Llevamos mas de40 a\u00f1os de servicio COGAPREL, S.L., nace a principios de los 80 y centra su actividad en la distribuci\u00f3n de automatismos industriales, y de material el\u00e9ctrico, a empresas del sector. Centr\u00e1ndonos en dar un excelente soporte t\u00e9cnico y apoyo en las labores de ingenier\u00eda a sus clientes. En nuestra&hellip; <br \/> <a class=\"read-more\" href=\"https:\/\/www.luxkit.es\/index.php\/empresa\/\">Read more<\/a><\/p>\n","protected":false},"author":1,"featured_media":0,"parent":0,"menu_order":0,"comment_status":"closed","ping_status":"closed","template":"pro\/page-templates\/full-width-page.php","meta":{"footnotes":""},"class_list":["post-80","page","type-page","status-publish","hentry"],"yoast_head":"<!-- This site is optimized with the Yoast SEO plugin v27.3 - https:\/\/yoast.com\/product\/yoast-seo-wordpress\/ -->\n<title>Empresa - Luxkit<\/title>\n<meta name=\"robots\" content=\"index, follow, max-snippet:-1, max-image-preview:large, max-video-preview:-1\" \/>\n<link rel=\"canonical\" href=\"https:\/\/www.luxkit.es\/index.php\/empresa\/\" \/>\n<meta property=\"og:locale\" content=\"es_ES\" \/>\n<meta property=\"og:type\" content=\"article\" \/>\n<meta property=\"og:title\" content=\"Empresa - Luxkit\" \/>\n<meta property=\"og:description\" content=\"COGAPREL, S.L. presetna LuxKIT\u00ae Llevamos mas de40 a\u00f1os de servicio COGAPREL, S.L., nace a principios de los 80 y centra su actividad en la distribuci\u00f3n de automatismos industriales, y de material el\u00e9ctrico, a empresas del sector. Centr\u00e1ndonos en dar un excelente soporte t\u00e9cnico y apoyo en las labores de ingenier\u00eda a sus clientes. En nuestra&hellip; Read more\" \/>\n<meta property=\"og:url\" content=\"https:\/\/www.luxkit.es\/index.php\/empresa\/\" \/>\n<meta property=\"og:site_name\" content=\"Luxkit\" \/>\n<meta property=\"article:publisher\" content=\"https:\/\/www.instagram.com\/cogaprel_sl\/\" \/>\n<meta property=\"article:modified_time\" content=\"2025-03-12T11:00:38+00:00\" \/>\n<meta property=\"og:image\" content=\"https:\/\/www.luxkit.es\/wp-content\/uploads\/2025\/03\/cropped-IMG_3983-scaled-2.jpeg\" \/>\n<meta name=\"twitter:card\" content=\"summary_large_image\" \/>\n<meta name=\"twitter:label1\" content=\"Tiempo de lectura\" \/>\n\t<meta name=\"twitter:data1\" content=\"2 minutos\" \/>\n<script type=\"application\/ld+json\" class=\"yoast-schema-graph\">{\"@context\":\"https:\\\/\\\/schema.org\",\"@graph\":[{\"@type\":\"WebPage\",\"@id\":\"https:\\\/\\\/www.luxkit.es\\\/index.php\\\/empresa\\\/\",\"url\":\"https:\\\/\\\/www.luxkit.es\\\/index.php\\\/empresa\\\/\",\"name\":\"Empresa - Luxkit\",\"isPartOf\":{\"@id\":\"https:\\\/\\\/www.luxkit.es\\\/#website\"},\"primaryImageOfPage\":{\"@id\":\"https:\\\/\\\/www.luxkit.es\\\/index.php\\\/empresa\\\/#primaryimage\"},\"image\":{\"@id\":\"https:\\\/\\\/www.luxkit.es\\\/index.php\\\/empresa\\\/#primaryimage\"},\"thumbnailUrl\":\"https:\\\/\\\/www.luxkit.es\\\/wp-content\\\/uploads\\\/2025\\\/03\\\/cropped-IMG_3983-scaled-2.jpeg\",\"datePublished\":\"2025-03-11T13:17:42+00:00\",\"dateModified\":\"2025-03-12T11:00:38+00:00\",\"breadcrumb\":{\"@id\":\"https:\\\/\\\/www.luxkit.es\\\/index.php\\\/empresa\\\/#breadcrumb\"},\"inLanguage\":\"es\",\"potentialAction\":[{\"@type\":\"ReadAction\",\"target\":[\"https:\\\/\\\/www.luxkit.es\\\/index.php\\\/empresa\\\/\"]}]},{\"@type\":\"ImageObject\",\"inLanguage\":\"es\",\"@id\":\"https:\\\/\\\/www.luxkit.es\\\/index.php\\\/empresa\\\/#primaryimage\",\"url\":\"https:\\\/\\\/www.luxkit.es\\\/wp-content\\\/uploads\\\/2025\\\/03\\\/cropped-IMG_3983-scaled-2.jpeg\",\"contentUrl\":\"https:\\\/\\\/www.luxkit.es\\\/wp-content\\\/uploads\\\/2025\\\/03\\\/cropped-IMG_3983-scaled-2.jpeg\",\"width\":2559,\"height\":1827},{\"@type\":\"BreadcrumbList\",\"@id\":\"https:\\\/\\\/www.luxkit.es\\\/index.php\\\/empresa\\\/#breadcrumb\",\"itemListElement\":[{\"@type\":\"ListItem\",\"position\":1,\"name\":\"Portada\",\"item\":\"https:\\\/\\\/www.luxkit.es\\\/\"},{\"@type\":\"ListItem\",\"position\":2,\"name\":\"Empresa\"}]},{\"@type\":\"WebSite\",\"@id\":\"https:\\\/\\\/www.luxkit.es\\\/#website\",\"url\":\"https:\\\/\\\/www.luxkit.es\\\/\",\"name\":\"Luxkit\",\"description\":\"El nuevo sistema lineal modular LED\",\"publisher\":{\"@id\":\"https:\\\/\\\/www.luxkit.es\\\/#organization\"},\"potentialAction\":[{\"@type\":\"SearchAction\",\"target\":{\"@type\":\"EntryPoint\",\"urlTemplate\":\"https:\\\/\\\/www.luxkit.es\\\/?s={search_term_string}\"},\"query-input\":{\"@type\":\"PropertyValueSpecification\",\"valueRequired\":true,\"valueName\":\"search_term_string\"}}],\"inLanguage\":\"es\"},{\"@type\":\"Organization\",\"@id\":\"https:\\\/\\\/www.luxkit.es\\\/#organization\",\"name\":\"Luxkit Espa\u00f1a\",\"url\":\"https:\\\/\\\/www.luxkit.es\\\/\",\"logo\":{\"@type\":\"ImageObject\",\"inLanguage\":\"es\",\"@id\":\"https:\\\/\\\/www.luxkit.es\\\/#\\\/schema\\\/logo\\\/image\\\/\",\"url\":\"https:\\\/\\\/www.luxkit.es\\\/wp-content\\\/uploads\\\/2025\\\/03\\\/luxkit_claro-1.png\",\"contentUrl\":\"https:\\\/\\\/www.luxkit.es\\\/wp-content\\\/uploads\\\/2025\\\/03\\\/luxkit_claro-1.png\",\"width\":140,\"height\":70,\"caption\":\"Luxkit Espa\u00f1a\"},\"image\":{\"@id\":\"https:\\\/\\\/www.luxkit.es\\\/#\\\/schema\\\/logo\\\/image\\\/\"},\"sameAs\":[\"https:\\\/\\\/www.instagram.com\\\/cogaprel_sl\\\/\"]}]}<\/script>\n<!-- \/ Yoast SEO plugin. -->","yoast_head_json":{"title":"Empresa - Luxkit","robots":{"index":"index","follow":"follow","max-snippet":"max-snippet:-1","max-image-preview":"max-image-preview:large","max-video-preview":"max-video-preview:-1"},"canonical":"https:\/\/www.luxkit.es\/index.php\/empresa\/","og_locale":"es_ES","og_type":"article","og_title":"Empresa - Luxkit","og_description":"COGAPREL, S.L. presetna LuxKIT\u00ae Llevamos mas de40 a\u00f1os de servicio COGAPREL, S.L., nace a principios de los 80 y centra su actividad en la distribuci\u00f3n de automatismos industriales, y de material el\u00e9ctrico, a empresas del sector. Centr\u00e1ndonos en dar un excelente soporte t\u00e9cnico y apoyo en las labores de ingenier\u00eda a sus clientes. En nuestra&hellip; Read more","og_url":"https:\/\/www.luxkit.es\/index.php\/empresa\/","og_site_name":"Luxkit","article_publisher":"https:\/\/www.instagram.com\/cogaprel_sl\/","article_modified_time":"2025-03-12T11:00:38+00:00","og_image":[{"url":"https:\/\/www.luxkit.es\/wp-content\/uploads\/2025\/03\/cropped-IMG_3983-scaled-2.jpeg","type":"","width":"","height":""}],"twitter_card":"summary_large_image","twitter_misc":{"Tiempo de lectura":"2 minutos"},"schema":{"@context":"https:\/\/schema.org","@graph":[{"@type":"WebPage","@id":"https:\/\/www.luxkit.es\/index.php\/empresa\/","url":"https:\/\/www.luxkit.es\/index.php\/empresa\/","name":"Empresa - Luxkit","isPartOf":{"@id":"https:\/\/www.luxkit.es\/#website"},"primaryImageOfPage":{"@id":"https:\/\/www.luxkit.es\/index.php\/empresa\/#primaryimage"},"image":{"@id":"https:\/\/www.luxkit.es\/index.php\/empresa\/#primaryimage"},"thumbnailUrl":"https:\/\/www.luxkit.es\/wp-content\/uploads\/2025\/03\/cropped-IMG_3983-scaled-2.jpeg","datePublished":"2025-03-11T13:17:42+00:00","dateModified":"2025-03-12T11:00:38+00:00","breadcrumb":{"@id":"https:\/\/www.luxkit.es\/index.php\/empresa\/#breadcrumb"},"inLanguage":"es","potentialAction":[{"@type":"ReadAction","target":["https:\/\/www.luxkit.es\/index.php\/empresa\/"]}]},{"@type":"ImageObject","inLanguage":"es","@id":"https:\/\/www.luxkit.es\/index.php\/empresa\/#primaryimage","url":"https:\/\/www.luxkit.es\/wp-content\/uploads\/2025\/03\/cropped-IMG_3983-scaled-2.jpeg","contentUrl":"https:\/\/www.luxkit.es\/wp-content\/uploads\/2025\/03\/cropped-IMG_3983-scaled-2.jpeg","width":2559,"height":1827},{"@type":"BreadcrumbList","@id":"https:\/\/www.luxkit.es\/index.php\/empresa\/#breadcrumb","itemListElement":[{"@type":"ListItem","position":1,"name":"Portada","item":"https:\/\/www.luxkit.es\/"},{"@type":"ListItem","position":2,"name":"Empresa"}]},{"@type":"WebSite","@id":"https:\/\/www.luxkit.es\/#website","url":"https:\/\/www.luxkit.es\/","name":"Luxkit","description":"El nuevo sistema lineal modular LED","publisher":{"@id":"https:\/\/www.luxkit.es\/#organization"},"potentialAction":[{"@type":"SearchAction","target":{"@type":"EntryPoint","urlTemplate":"https:\/\/www.luxkit.es\/?s={search_term_string}"},"query-input":{"@type":"PropertyValueSpecification","valueRequired":true,"valueName":"search_term_string"}}],"inLanguage":"es"},{"@type":"Organization","@id":"https:\/\/www.luxkit.es\/#organization","name":"Luxkit Espa\u00f1a","url":"https:\/\/www.luxkit.es\/","logo":{"@type":"ImageObject","inLanguage":"es","@id":"https:\/\/www.luxkit.es\/#\/schema\/logo\/image\/","url":"https:\/\/www.luxkit.es\/wp-content\/uploads\/2025\/03\/luxkit_claro-1.png","contentUrl":"https:\/\/www.luxkit.es\/wp-content\/uploads\/2025\/03\/luxkit_claro-1.png","width":140,"height":70,"caption":"Luxkit Espa\u00f1a"},"image":{"@id":"https:\/\/www.luxkit.es\/#\/schema\/logo\/image\/"},"sameAs":["https:\/\/www.instagram.com\/cogaprel_sl\/"]}]}},"_links":{"self":[{"href":"https:\/\/www.luxkit.es\/index.php\/wp-json\/wp\/v2\/pages\/80","targetHints":{"allow":["GET"]}}],"collection":[{"href":"https:\/\/www.luxkit.es\/index.php\/wp-json\/wp\/v2\/pages"}],"about":[{"href":"https:\/\/www.luxkit.es\/index.php\/wp-json\/wp\/v2\/types\/page"}],"author":[{"embeddable":true,"href":"https:\/\/www.luxkit.es\/index.php\/wp-json\/wp\/v2\/users\/1"}],"replies":[{"embeddable":true,"href":"https:\/\/www.luxkit.es\/index.php\/wp-json\/wp\/v2\/comments?post=80"}],"version-history":[{"count":2,"href":"https:\/\/www.luxkit.es\/index.php\/wp-json\/wp\/v2\/pages\/80\/revisions"}],"predecessor-version":[{"id":243,"href":"https:\/\/www.luxkit.es\/index.php\/wp-json\/wp\/v2\/pages\/80\/revisions\/243"}],"wp:attachment":[{"href":"https:\/\/www.luxkit.es\/index.php\/wp-json\/wp\/v2\/media?parent=80"}],"curies":[{"name":"wp","href":"https:\/\/api.w.org\/{rel}","templated":true}]}}